{"id":428,"date":"2023-08-28T13:39:14","date_gmt":"2023-08-28T13:39:14","guid":{"rendered":"https:\/\/eva-ruth.at\/textdesign\/?page_id=428"},"modified":"2024-08-21T13:01:41","modified_gmt":"2024-08-21T13:01:41","slug":"rezeptbuecher","status":"publish","type":"page","link":"https:\/\/eva-ruth.at\/textdesign\/rezeptbuecher\/","title":{"rendered":"Rezeptb\u00fccher"},"content":{"rendered":"\n<p><\/p>\n\n\n\n<figure class=\"wp-block-table\"><table><tbody><tr><td><a href=\"https:\/\/www.amazon.de\/Meine-Rezepte-Rezeptebuch-Lieblingsrezepte-Selberschreiben\/dp\/B0CJDDS98Z\/ref=sr_1_2?__mk_de_DE=%C3%85M%C3%85%C5%BD%C3%95%C3%91&amp;crid=3DOO303I3MNF0&amp;sprefix=meine+rezepte+alle+deine+lieblingsrezepte%2Caps%2C126&amp;sr=8-2\" target=\"_blank\" rel=\"noreferrer noopener nofollow\"><img loading=\"lazy\" decoding=\"async\" width=\"150\" height=\"215\" class=\"wp-image-467\" style=\"width: 150px;\" src=\"https:\/\/eva-ruth.at\/textdesign\/wp-content\/uploads\/2023\/09\/rezepte.jpg\" alt=\"\" srcset=\"https:\/\/eva-ruth.at\/textdesign\/wp-content\/uploads\/2023\/09\/rezepte.jpg 508w, https:\/\/eva-ruth.at\/textdesign\/wp-content\/uploads\/2023\/09\/rezepte-209x300.jpg 209w\" sizes=\"auto, (max-width: 150px) 100vw, 150px\" \/><\/a><\/td><td><a href=\"https:\/\/www.amazon.de\/dp\/B0CGKWV69F?psc=1&amp;smid=AFIBQIMF3ENWD&amp;ref_=chk_typ_imgToDp\" target=\"_blank\" rel=\"noreferrer noopener nofollow\"><img loading=\"lazy\" decoding=\"async\" width=\"150\" height=\"229\" class=\"wp-image-438\" style=\"width: 150px;\" src=\"https:\/\/eva-ruth.at\/textdesign\/wp-content\/uploads\/2023\/08\/weihnachten.png\" alt=\"\" srcset=\"https:\/\/eva-ruth.at\/textdesign\/wp-content\/uploads\/2023\/08\/weihnachten.png 263w, https:\/\/eva-ruth.at\/textdesign\/wp-content\/uploads\/2023\/08\/weihnachten-196x300.png 196w\" sizes=\"auto, (max-width: 150px) 100vw, 150px\" \/><\/a><\/td><td><a href=\"https:\/\/www.amazon.de\/dp\/B0CGMF3MW5?psc=1&amp;smid=AFIBQIMF3ENWD&amp;ref_=chk_typ_imgToDp\" target=\"_blank\" rel=\"noreferrer noopener nofollow\"><img loading=\"lazy\" decoding=\"async\" width=\"150\" height=\"227\" class=\"wp-image-430\" style=\"width: 150px;\" src=\"https:\/\/eva-ruth.at\/textdesign\/wp-content\/uploads\/2023\/08\/kuchen.png\" alt=\"\" srcset=\"https:\/\/eva-ruth.at\/textdesign\/wp-content\/uploads\/2023\/08\/kuchen.png 263w, https:\/\/eva-ruth.at\/textdesign\/wp-content\/uploads\/2023\/08\/kuchen-198x300.png 198w\" sizes=\"auto, (max-width: 150px) 100vw, 150px\" \/><\/a><\/td><td><a href=\"https:\/\/www.amazon.de\/dp\/B0CGM8W2D8?psc=1&amp;smid=AFIBQIMF3ENWD&amp;ref_=chk_typ_imgToDp\" target=\"_blank\" rel=\"noreferrer noopener nofollow\"><img loading=\"lazy\" decoding=\"async\" width=\"150\" height=\"227\" class=\"wp-image-433\" style=\"width: 150px;\" src=\"https:\/\/eva-ruth.at\/textdesign\/wp-content\/uploads\/2023\/08\/halloween.png\" alt=\"\" srcset=\"https:\/\/eva-ruth.at\/textdesign\/wp-content\/uploads\/2023\/08\/halloween.png 266w, https:\/\/eva-ruth.at\/textdesign\/wp-content\/uploads\/2023\/08\/halloween-199x300.png 199w\" sizes=\"auto, (max-width: 150px) 100vw, 150px\" \/><\/a><\/td><\/tr><tr><td><a href=\"https:\/\/www.amazon.de\/Meine-Rezepte-Rezeptebuch-Lieblingsrezepte-Selberschreiben\/dp\/B0CJDDS98Z\/ref=sr_1_2?__mk_de_DE=%C3%85M%C3%85%C5%BD%C3%95%C3%91&amp;crid=3DOO303I3MNF0&amp;sprefix=meine+rezepte+alle+deine+lieblingsrezepte%2Caps%2C126&amp;sr=8-2\" data-type=\"link\" data-id=\"https:\/\/www.amazon.de\/Meine-Rezepte-Rezeptebuch-Lieblingsrezepte-Selberschreiben\/dp\/B0CJDDS98Z\/ref=sr_1_2?__mk_de_DE=%C3%85M%C3%85%C5%BD%C3%95%C3%91&amp;crid=3DOO303I3MNF0&amp;sprefix=meine+rezepte+alle+deine+lieblingsrezepte%2Caps%2C126&amp;sr=8-2\" target=\"_blank\" rel=\"noreferrer noopener nofollow\">Alle deine Lieblingsrezpete zum Selbstschreiben<\/a><\/td><td><a href=\"https:\/\/www.amazon.de\/dp\/B0CGKWV69F?psc=1&amp;smid=AFIBQIMF3ENWD&amp;ref_=chk_typ_imgToDp\" target=\"_blank\" rel=\"noreferrer noopener nofollow\">Rezeptbuch zum Selbstschreiben: Weihnachtskekse<\/a><\/td><td><a href=\"https:\/\/www.amazon.de\/dp\/B0CGMF3MW5?psc=1&amp;smid=AFIBQIMF3ENWD&amp;ref_=chk_typ_imgToDp\" target=\"_blank\" rel=\"noreferrer noopener nofollow\">Rezeptebuch zum Selbstschreiben: Kuchen und Torten<\/a><\/td><td><a href=\"https:\/\/www.amazon.de\/dp\/B0CGM8W2D8?psc=1&amp;smid=AFIBQIMF3ENWD&amp;ref_=chk_typ_imgToDp\" target=\"_blank\" rel=\"noreferrer noopener nofollow\">Rezeptebuch zum Selberschreiben: Halloween<\/a><\/td><\/tr><\/tbody><\/table><\/figure>\n\n\n\n<figure class=\"wp-block-table\"><table><tbody><tr><td><a href=\"https:\/\/www.amazon.de\/Meine-Naturapotheke-Rezepte-nat%C3%BCrliche-Gesundheit\/dp\/B0CTQBMWR9\/ref=sr_1_4?__mk_de_DE=%C3%85M%C3%85%C5%BD%C3%95%C3%91&amp;crid=3BGBYOVL1WC2Y&amp;dib=eyJ2IjoiMSJ9.Q3XRsmQ8Ya_iikUR_GrhHjBrvW5DEklRoFU8pRyAf_6JiEzA_DqdUx9eg3uKa2HJonFi8mT3AwtbZ6xineJphaAC9pf825wvKuaympapTdyvnoGxGC08UVjwCtOr1Su9h55wG4wD9pKdMjUgad8sszsJsl2kqlPCH_wEJChq8nZq6RaP9B8HRsea0EZWqx5aS-Zqj8Anruc9Z6rPYzvhJU3TbMLCCVIirybmf7hZyVs.x_s67_WHEffiN8B8e4WI090sMYLM0qBoTgLYZc6Xu7I&amp;qid=1709187766&amp;sprefix=meine+naturapothek%2Caps%2C318&amp;sr=8-4\" target=\"_blank\" rel=\"noreferrer noopener nofollow\"><img loading=\"lazy\" decoding=\"async\" width=\"150\" height=\"224\" class=\"wp-image-851\" style=\"width: 150px;\" src=\"https:\/\/eva-ruth.at\/textdesign\/wp-content\/uploads\/2024\/02\/61SThbX2PdL._SL1491_.jpg\" alt=\"Meine Naturapotheke\" srcset=\"https:\/\/eva-ruth.at\/textdesign\/wp-content\/uploads\/2024\/02\/61SThbX2PdL._SL1491_.jpg 1000w, https:\/\/eva-ruth.at\/textdesign\/wp-content\/uploads\/2024\/02\/61SThbX2PdL._SL1491_-201x300.jpg 201w, https:\/\/eva-ruth.at\/textdesign\/wp-content\/uploads\/2024\/02\/61SThbX2PdL._SL1491_-687x1024.jpg 687w, https:\/\/eva-ruth.at\/textdesign\/wp-content\/uploads\/2024\/02\/61SThbX2PdL._SL1491_-768x1145.jpg 768w\" sizes=\"auto, (max-width: 150px) 100vw, 150px\" \/><br>Meine Naturapotheke<\/a><\/td><td><a href=\"https:\/\/www.amazon.de\/Meine-Kosmetik-Rezepte-Rezepte-Kosmetik-Naturkosmetik\/dp\/B0CWDHQZ1C\/ref=sr_1_1?__mk_de_DE=%C3%85M%C3%85%C5%BD%C3%95%C3%91&amp;crid=3AL2NAVPFMA8Y&amp;dib=eyJ2IjoiMSJ9.5vujQz20nhOiYzWmLLz3z1VNYfWEF1B6nM6MW4KxMBhe6IGE66W50tpF5MFft_Jrp99yL8LV0P9cOCVmLZFU-GtdjqKMHCNrZLTowk3YixJD-fOj7TepVmF_6OpBv-LsEpj52pGCLT3_yk3uE2v6aevGboYQb-xFaWek-ozQSU-4PL4DcAkIpm4Qw4_atQfz6acSa56ZdVzFpoxKrN0I38L4jgZT20tlHy1QWf1HYoc.Qr6hW25QULN12x06_HZjN8XXn-zzWsHmA9wBhS53Wic&amp;dib_tag=se&amp;qid=1709187751&amp;sprefix=meine+naturrezepte%2Caps%2C145&amp;sr=8-1\" target=\"_blank\" rel=\"noreferrer noopener nofollow\"><img loading=\"lazy\" decoding=\"async\" width=\"150\" height=\"224\" class=\"wp-image-852\" style=\"width: 150px;\" src=\"https:\/\/eva-ruth.at\/textdesign\/wp-content\/uploads\/2024\/02\/61wJrgOMvL._SL1491_.jpg\" alt=\"Meine Kosmetik\" srcset=\"https:\/\/eva-ruth.at\/textdesign\/wp-content\/uploads\/2024\/02\/61wJrgOMvL._SL1491_.jpg 1000w, https:\/\/eva-ruth.at\/textdesign\/wp-content\/uploads\/2024\/02\/61wJrgOMvL._SL1491_-201x300.jpg 201w, https:\/\/eva-ruth.at\/textdesign\/wp-content\/uploads\/2024\/02\/61wJrgOMvL._SL1491_-687x1024.jpg 687w, https:\/\/eva-ruth.at\/textdesign\/wp-content\/uploads\/2024\/02\/61wJrgOMvL._SL1491_-768x1145.jpg 768w\" sizes=\"auto, (max-width: 150px) 100vw, 150px\" \/><br>Meine Kosmetik<\/a><\/td><td><\/td><td><\/td><\/tr><\/tbody><\/table><\/figure>\n\n\n\n<h2 class=\"wp-block-heading\">Rezeptb\u00fccher zum Selberschreiben<\/h2>\n\n\n\n<p>Du liebst das Kochen und sammelst gerne Rezepte? Dabei kommen im Laufe der Zeit viele lose Bl\u00e4tter, Seiten aus Zeitschriften und mehr zusammen. Viele begeisterte K\u00f6che und K\u00f6chinnen ver\u00e4ndern Rezepte leicht, um sie zu vervollkommnen und dem ganz individuellen Geschmack anzupassen. Die Rezeptb\u00fccher zum Selbstschreiben helfen dir dabei. Sie enthalten ein klares Register, das dich Rezepte rasch wiederfinden l\u00e4sst. Mit Platz f\u00fcr 74 Rezepte bieten sie viel Raum f\u00fcr gesammelte Rezepte und deine pers\u00f6nlichen Ideen und Variationen. <\/p>\n\n\n\n<h2 class=\"wp-block-heading\">Register zum schnellen Wiederfinden<\/h2>\n\n\n\n<p>Dein Rezeptbuch zum Selberschreiben bestellen &#8211; das geht ganz leicht mit wenigen Klicks. Du bekommst ein Buch mit Register, in dem du die Titel von Rezepten einfach eintragen kannst. Auf diese Weise gehst du sicher, dass du deine Rezepte rasch wiederfindest. Bl\u00e4ttere einfach zur Seite, auf der das Rezept mit der jeweiligen Nummer eingetragen ist &#8211; und schon kannst du mit dem Kochen beginnen. <\/p>\n\n\n\n<h2 class=\"wp-block-heading\">Viel Platz f\u00fcr Zutaten, Beschreibung, Variationen<\/h2>\n\n\n\n<p>Bei jedem der 74 Rezepte hast du Platz f\u00fcr den Titel, f\u00fcr viele Zutaten und eine genaue Beschreibung. Besonders wertvoll finden viele Menschen den Bereich f\u00fcr eigene Variationen, denn Leute, die gerne kochen, lieben es, selbst kreativ zu werden und Rezepte zu ver\u00e4ndern und dem eigenen Geschmack anzupassen. <\/p>\n\n\n\n<h2 class=\"wp-block-heading\">Rezeptbuch zum Einkleben<\/h2>\n\n\n\n<p>Du m\u00f6chtest nicht alle deine gesammelten Rezepte abschreiben? Dann klebe sie einfach ein. Dieses Buch bietet dir gen\u00fcgend Platz! Auf diese Weise kannst du Zeit sparen und alle Infos einfach einkleben. Der Raum f\u00fcr eigene Variationen steht dir dennoch zur Verf\u00fcgung, deine Ideen kannst du daher jederzeit eintragen. <\/p>\n\n\n\n<h2 class=\"wp-block-heading\">Kochbuch zum Selberschreiben als Print on Demand<\/h2>\n\n\n\n<p>Dein Rezeptbuch zum Selbstschreiben wird erst dann gedruckt, wenn du es bestellt hast. Um das Rezeptbuch zu kaufen, klicke einfach auf das Buch deiner Wahl &#8211; du wirst auf die Amazon-Bestellplattform weitergeleitet. Nach deiner Bestellung wird das Buch sofort sorgf\u00e4ltig gedruckt und gleich an dich geschickt. Anders als im \u00fcblichen Verlagswesen m\u00fcssen die B\u00fccher nicht gelagert werden, nicht verkaufte Exemplare werden nicht weggeschmissen &#8211; denn es wird nur das gedruckt, was auch wirklich bestellt wurde. Durch Print on Demand werden daher Ressourcen gespart, was diese Methode besonders nachhaltig macht. <\/p>\n","protected":false},"excerpt":{"rendered":"<p>Alle deine Lieblingsrezpete zum Selbstschreiben Rezeptbuch zum Selbstschreiben: Weihnachtskekse Rezeptebuch zum Selbstschreiben: Kuchen und Torten Rezeptebuch zum Selberschreiben: Halloween Meine Naturapotheke Meine Kosmetik Rezeptb\u00fccher zum Selberschreiben Du liebst das Kochen und sammelst gerne Rezepte? Dabei kommen im Laufe der Zeit viele lose Bl\u00e4tter, Seiten aus Zeitschriften und mehr zusammen. Viele begeisterte K\u00f6che und K\u00f6chinnen ver\u00e4ndern &hellip; <\/p>\n<p class=\"link-more\"><a href=\"https:\/\/eva-ruth.at\/textdesign\/rezeptbuecher\/\" class=\"more-link\"><span class=\"screen-reader-text\">\u201eRezeptb\u00fccher\u201c<\/span> weiterlesen<\/a><\/p>\n","protected":false},"author":1,"featured_media":0,"parent":0,"menu_order":0,"comment_status":"closed","ping_status":"closed","template":"","meta":{"footnotes":""},"class_list":["post-428","page","type-page","status-publish","hentry"],"_links":{"self":[{"href":"https:\/\/eva-ruth.at\/textdesign\/wp-json\/wp\/v2\/pages\/428","targetHints":{"allow":["GET"]}}],"collection":[{"href":"https:\/\/eva-ruth.at\/textdesign\/wp-json\/wp\/v2\/pages"}],"about":[{"href":"https:\/\/eva-ruth.at\/textdesign\/wp-json\/wp\/v2\/types\/page"}],"author":[{"embeddable":true,"href":"https:\/\/eva-ruth.at\/textdesign\/wp-json\/wp\/v2\/users\/1"}],"replies":[{"embeddable":true,"href":"https:\/\/eva-ruth.at\/textdesign\/wp-json\/wp\/v2\/comments?post=428"}],"version-history":[{"count":22,"href":"https:\/\/eva-ruth.at\/textdesign\/wp-json\/wp\/v2\/pages\/428\/revisions"}],"predecessor-version":[{"id":1007,"href":"https:\/\/eva-ruth.at\/textdesign\/wp-json\/wp\/v2\/pages\/428\/revisions\/1007"}],"wp:attachment":[{"href":"https:\/\/eva-ruth.at\/textdesign\/wp-json\/wp\/v2\/media?parent=428"}],"curies":[{"name":"wp","href":"https:\/\/api.w.org\/{rel}","templated":true}]}}