{"id":472,"date":"2023-09-25T09:52:50","date_gmt":"2023-09-25T09:52:50","guid":{"rendered":"https:\/\/eva-ruth.at\/textdesign\/?page_id=472"},"modified":"2024-08-21T12:32:47","modified_gmt":"2024-08-21T12:32:47","slug":"malbuecher","status":"publish","type":"page","link":"https:\/\/eva-ruth.at\/textdesign\/malbuecher\/","title":{"rendered":"Malb\u00fccher"},"content":{"rendered":"\n<figure class=\"wp-block-table\"><table><tbody><tr><td><a href=\"https:\/\/www.amazon.de\/Herz-Malzeit-aufgehen-lassen-Coloring\/dp\/B0CNZ7BRTD\/ref=sr_1_1?__mk_de_DE=%C3%85M%C3%85%C5%BD%C3%95%C3%91&amp;crid=2BZFV4WQBW7W6&amp;qid=1704449361&amp;sprefix=eva+ruth+malbuch+herz%2Caps%2C121&amp;sr=8-1\" target=\"_blank\" rel=\"noreferrer noopener nofollow\"><img loading=\"lazy\" decoding=\"async\" width=\"150\" height=\"213\" class=\"wp-image-784\" style=\"width: 150px;\" src=\"https:\/\/eva-ruth.at\/textdesign\/wp-content\/uploads\/2024\/01\/71FGXCUTBHL._SL1422_.jpg\" alt=\"Herz Malbuch\" srcset=\"https:\/\/eva-ruth.at\/textdesign\/wp-content\/uploads\/2024\/01\/71FGXCUTBHL._SL1422_.jpg 1000w, https:\/\/eva-ruth.at\/textdesign\/wp-content\/uploads\/2024\/01\/71FGXCUTBHL._SL1422_-211x300.jpg 211w, https:\/\/eva-ruth.at\/textdesign\/wp-content\/uploads\/2024\/01\/71FGXCUTBHL._SL1422_-720x1024.jpg 720w, https:\/\/eva-ruth.at\/textdesign\/wp-content\/uploads\/2024\/01\/71FGXCUTBHL._SL1422_-768x1092.jpg 768w\" sizes=\"auto, (max-width: 150px) 100vw, 150px\" \/><\/a><\/td><td><a href=\"https:\/\/www.amazon.de\/dp\/B0CNGCNND6\/ref=sr_1_1?__mk_de_DE=%C3%85M%C3%85%C5%BD%C3%95%C3%91&amp;crid=19Y076VHEVJWA&amp;qid=1700231654&amp;sprefix=eva+ruth+weihnachten+malbuch%2Caps%2C134&amp;sr=8-1\" target=\"_blank\" rel=\"noreferrer noopener nofollow\"><img loading=\"lazy\" decoding=\"async\" width=\"150\" height=\"216\" class=\"wp-image-755\" style=\"width: 150px;\" src=\"https:\/\/eva-ruth.at\/textdesign\/wp-content\/uploads\/2023\/11\/weihnachten.jpg\" alt=\"\" srcset=\"https:\/\/eva-ruth.at\/textdesign\/wp-content\/uploads\/2023\/11\/weihnachten.jpg 321w, https:\/\/eva-ruth.at\/textdesign\/wp-content\/uploads\/2023\/11\/weihnachten-208x300.jpg 208w\" sizes=\"auto, (max-width: 150px) 100vw, 150px\" \/><\/a><\/td><td><a href=\"https:\/\/www.amazon.de\/Malen-Spa%C3%9F-fr%C3%B6hlichen-Kinderbuch-Selbstgestalten\/dp\/B0CHLCBM4Y\/ref=sr_1_1?crid=1OLLK6RNUVITW&amp;qid=1695635277&amp;sprefix=lustige+tiere+am+bau%2Caps%2C142&amp;sr=8-1\" target=\"_blank\" rel=\"noreferrer noopener nofollow\"><img loading=\"lazy\" decoding=\"async\" width=\"150\" height=\"206\" class=\"wp-image-473\" style=\"width: 150px;\" src=\"https:\/\/eva-ruth.at\/textdesign\/wp-content\/uploads\/2023\/09\/bauernhof.jpg\" alt=\"\" srcset=\"https:\/\/eva-ruth.at\/textdesign\/wp-content\/uploads\/2023\/09\/bauernhof.jpg 535w, https:\/\/eva-ruth.at\/textdesign\/wp-content\/uploads\/2023\/09\/bauernhof-219x300.jpg 219w\" sizes=\"auto, (max-width: 150px) 100vw, 150px\" \/><\/a><\/td><td><a href=\"https:\/\/www.amazon.de\/dp\/B0CKNJ89MV?psc=1&amp;smid=A3JWKAKR8XB7XF&amp;ref_=chk_typ_imgToDp\" target=\"_blank\" rel=\"noreferrer noopener nofollow\"><img loading=\"lazy\" decoding=\"async\" width=\"150\" height=\"206\" class=\"wp-image-509\" style=\"width: 150px;\" src=\"https:\/\/eva-ruth.at\/textdesign\/wp-content\/uploads\/2023\/10\/halloween-1.jpg\" alt=\"\" srcset=\"https:\/\/eva-ruth.at\/textdesign\/wp-content\/uploads\/2023\/10\/halloween-1.jpg 533w, https:\/\/eva-ruth.at\/textdesign\/wp-content\/uploads\/2023\/10\/halloween-1-218x300.jpg 218w\" sizes=\"auto, (max-width: 150px) 100vw, 150px\" \/><\/a><\/td><\/tr><tr><td><a href=\"https:\/\/www.amazon.de\/Herz-Malzeit-aufgehen-lassen-Coloring\/dp\/B0CNZ7BRTD\/ref=sr_1_1?__mk_de_DE=%C3%85M%C3%85%C5%BD%C3%95%C3%91&amp;crid=2BZFV4WQBW7W6&amp;qid=1704449361&amp;sprefix=eva+ruth+malbuch+herz%2Caps%2C121&amp;sr=8-1\" target=\"_blank\" rel=\"noreferrer noopener nofollow\">Herz Malzeit &#8211; Short!<\/a><br>Herzensbilder in vielen Formen und Aufgaben, die das Herz \u00f6ffnen <br><a href=\"https:\/\/www.amazon.de\/Herz-Malzeit-aufgehen-lassen-Coloring\/dp\/B0CNZ7BRTD\/ref=sr_1_1?__mk_de_DE=%C3%85M%C3%85%C5%BD%C3%95%C3%91&amp;crid=2BZFV4WQBW7W6&amp;qid=1704449361&amp;sprefix=eva+ruth+malbuch+herz%2Caps%2C121&amp;sr=8-1\" target=\"_blank\" rel=\"noreferrer noopener nofollow\">mehr &#8230;<\/a><\/td><td><a href=\"https:\/\/www.amazon.de\/dp\/B0CNGCNND6\/ref=sr_1_1?__mk_de_DE=%C3%85M%C3%85%C5%BD%C3%95%C3%91&amp;crid=19Y076VHEVJWA&amp;qid=1700231654&amp;sprefix=eva+ruth+weihnachten+malbuch%2Caps%2C134&amp;sr=8-1\" target=\"_blank\" rel=\"noreferrer noopener nofollow\">Weihnachten &#8211; Short! <\/a>Weihnachtliche Bilder zum Ausmalen mit fr\u00f6hlichen Aufgaben, <a href=\"https:\/\/www.amazon.de\/dp\/B0CNGCNND6\/ref=sr_1_1?__mk_de_DE=%C3%85M%C3%85%C5%BD%C3%95%C3%91&amp;crid=19Y076VHEVJWA&amp;qid=1700231654&amp;sprefix=eva+ruth+weihnachten+malbuch%2Caps%2C134&amp;sr=8-1\" target=\"_blank\" rel=\"noreferrer noopener nofollow\">mehr &#8230;<\/a><br><\/td><td><a href=\"https:\/\/www.amazon.de\/Malen-Spa%C3%9F-fr%C3%B6hlichen-Kinderbuch-Selbstgestalten\/dp\/B0CHLCBM4Y\/ref=sr_1_1?crid=1OLLK6RNUVITW&amp;qid=1695635277&amp;sprefix=lustige+tiere+am+bau%2Caps%2C142&amp;sr=8-1\" data-type=\"link\" data-id=\"https:\/\/www.amazon.de\/Malen-Spa%C3%9F-fr%C3%B6hlichen-Kinderbuch-Selbstgestalten\/dp\/B0CHLCBM4Y\/ref=sr_1_1?crid=1OLLK6RNUVITW&amp;qid=1695635277&amp;sprefix=lustige+tiere+am+bau%2Caps%2C142&amp;sr=8-1\" target=\"_blank\" rel=\"noreferrer noopener nofollow\">Lustige Tiere am Bauernhof<\/a><br>Dieses Ausmalbuch ist ein Kinderbuch zum Selbstausmalen und macht jahrelang Spa\u00df, <br><a href=\"https:\/\/www.amazon.de\/Malen-Spa%C3%9F-fr%C3%B6hlichen-Kinderbuch-Selbstgestalten\/dp\/B0CHLCBM4Y\/ref=sr_1_1?crid=1OLLK6RNUVITW&amp;qid=1695635277&amp;sprefix=lustige+tiere+am+bau%2Caps%2C142&amp;sr=8-1\" data-type=\"link\" data-id=\"https:\/\/www.amazon.de\/Malen-Spa%C3%9F-fr%C3%B6hlichen-Kinderbuch-Selbstgestalten\/dp\/B0CHLCBM4Y\/ref=sr_1_1?crid=1OLLK6RNUVITW&amp;qid=1695635277&amp;sprefix=lustige+tiere+am+bau%2Caps%2C142&amp;sr=8-1\" target=\"_blank\" rel=\"noreferrer noopener nofollow\">mehr &#8230;<\/a><\/td><td><a href=\"https:\/\/www.amazon.de\/dp\/B0CKNJ89MV?psc=1&amp;smid=A3JWKAKR8XB7XF&amp;ref_=chk_typ_imgToDp\" data-type=\"link\" data-id=\"https:\/\/www.amazon.de\/dp\/B0CKNJ89MV?psc=1&amp;smid=A3JWKAKR8XB7XF&amp;ref_=chk_typ_imgToDp\" target=\"_blank\" rel=\"noreferrer noopener nofollow\">Halloween SHORT!<\/a><br>Schaurige Bilder zum Ausmalen mit gruseligen Aufgaben, die den Geist von Halloween<br><a href=\"https:\/\/www.amazon.de\/dp\/B0CKNJ89MV?psc=1&amp;smid=A3JWKAKR8XB7XF&amp;ref_=chk_typ_imgToDp\" data-type=\"link\" data-id=\"https:\/\/www.amazon.de\/dp\/B0CKNJ89MV?psc=1&amp;smid=A3JWKAKR8XB7XF&amp;ref_=chk_typ_imgToDp\" target=\"_blank\" rel=\"noreferrer noopener nofollow\">mehr &#8230;<\/a><br><\/td><\/tr><\/tbody><\/table><\/figure>\n\n\n\n<h2 class=\"wp-block-heading\">Malb\u00fccher bestellen f\u00fcr Kinder und Erwachsene<\/h2>\n\n\n\n<p>Kinder lieben Malb\u00fccher, um Farben auszuprobieren und die eigene Fantasie fliegen zu lassen. Lustige Tiere  und kleine Gedichte machen aus dem Malbuch &#8222;Lustige Tiere am Bauernhof&#8220; ein echtes Kinderbuch, das lange Freude macht. Kinder gestalten ihr eigenes Buch und k\u00f6nnen die lustigen Tiere ausmalen, auf den Seiten zeichnen und vieles mehr. Mit diesem Malbuch trainieren Kinder ihre F\u00e4higkeiten und lernen, mit Stiften oder sp\u00e4ter mit dem Pinsel umzugehen. <\/p>\n\n\n\n<h2 class=\"wp-block-heading\">Malbuch f\u00fcr Erwachsene<\/h2>\n\n\n\n<p>Immer mehr Menschen entdecken Malb\u00fccher zum Entspannen und sich Zeit f\u00fcr sich selbst zu nehmen. Diese Malb\u00fccher f\u00fcr Erwachsene bieten nicht nur komplexe Zeichenvorlagen, in denen du dich verlieren kannst. Es gibt auch kleine Aufgaben, die helfen, dich zu entspannen, in dein Herz zu schauen oder in die Stimmung von Halloween oder Weihnachten zu kommen. Die B\u00fccher bestellst du einfach aus \u00d6sterreich, Deutschland oder ganz Europa und dar\u00fcber hinaus. Sie werden auf Amazon angeboten. <\/p>\n\n\n\n<h2 class=\"wp-block-heading\">Entspannung mit Zeichenb\u00fcchern<\/h2>\n\n\n\n<p>Beim W\u00e4hlen von Farben, beim genauen Ausmalen der Umrisse begibst du dich in einen Zustand des Flows. Die Probleme und Anforderungen des Alltags treten in den Hintergrund, du siehst dir selbst zu, wie du ein vollkommen neues Bild entstehen l\u00e4sst. Die Aufgaben, die es zu jedem Bild gibt, k\u00f6nnen sich dabei unterst\u00fctzen. Du kannst sie gemeinsam mit dem jeweiligen Bild l\u00f6sen oder ganz unabh\u00e4ngig davon. Mit einem Klick auf das Malbuch, das du kaufen m\u00f6chtest, bist du auf der Verkaufsplattform, wo du bestellen kannst. <\/p>\n\n\n\n<h2 class=\"wp-block-heading\">Malb\u00fccher \u00fcber Print on Demand<\/h2>\n\n\n\n<p>Print on Demand ist meiner Meinung nach eine hervorragende M\u00f6glichkeit, B\u00fccher zu kaufen. Denn dein Buch wird erst dann hergestellt, wenn du es bestellst. Davor m\u00fcssen die Druckwerke nicht gelagert werden und brauchen kein Papier. Ich glaube, das ist die sparsamste Methode, B\u00fccher anzubieten, besonders nachhaltig und gezielt. Dein Malbuch bestellst du einfach online, es wird rasch und sorgf\u00e4ltig hergestellt und innerhalb weniger Tage ist es bereits bei dir. <\/p>\n","protected":false},"excerpt":{"rendered":"<p>Herz Malzeit &#8211; Short!Herzensbilder in vielen Formen und Aufgaben, die das Herz \u00f6ffnen mehr &#8230; Weihnachten &#8211; Short! Weihnachtliche Bilder zum Ausmalen mit fr\u00f6hlichen Aufgaben, mehr &#8230; Lustige Tiere am BauernhofDieses Ausmalbuch ist ein Kinderbuch zum Selbstausmalen und macht jahrelang Spa\u00df, mehr &#8230; Halloween SHORT!Schaurige Bilder zum Ausmalen mit gruseligen Aufgaben, die den Geist von &hellip; <\/p>\n<p class=\"link-more\"><a href=\"https:\/\/eva-ruth.at\/textdesign\/malbuecher\/\" class=\"more-link\"><span class=\"screen-reader-text\">\u201eMalb\u00fccher\u201c<\/span> weiterlesen<\/a><\/p>\n","protected":false},"author":1,"featured_media":0,"parent":0,"menu_order":0,"comment_status":"closed","ping_status":"closed","template":"","meta":{"footnotes":""},"class_list":["post-472","page","type-page","status-publish","hentry"],"_links":{"self":[{"href":"https:\/\/eva-ruth.at\/textdesign\/wp-json\/wp\/v2\/pages\/472","targetHints":{"allow":["GET"]}}],"collection":[{"href":"https:\/\/eva-ruth.at\/textdesign\/wp-json\/wp\/v2\/pages"}],"about":[{"href":"https:\/\/eva-ruth.at\/textdesign\/wp-json\/wp\/v2\/types\/page"}],"author":[{"embeddable":true,"href":"https:\/\/eva-ruth.at\/textdesign\/wp-json\/wp\/v2\/users\/1"}],"replies":[{"embeddable":true,"href":"https:\/\/eva-ruth.at\/textdesign\/wp-json\/wp\/v2\/comments?post=472"}],"version-history":[{"count":39,"href":"https:\/\/eva-ruth.at\/textdesign\/wp-json\/wp\/v2\/pages\/472\/revisions"}],"predecessor-version":[{"id":995,"href":"https:\/\/eva-ruth.at\/textdesign\/wp-json\/wp\/v2\/pages\/472\/revisions\/995"}],"wp:attachment":[{"href":"https:\/\/eva-ruth.at\/textdesign\/wp-json\/wp\/v2\/media?parent=472"}],"curies":[{"name":"wp","href":"https:\/\/api.w.org\/{rel}","templated":true}]}}