{"id":626,"date":"2023-11-02T12:51:38","date_gmt":"2023-11-02T12:51:38","guid":{"rendered":"https:\/\/eva-ruth.at\/textdesign\/?page_id=626"},"modified":"2025-01-03T08:44:49","modified_gmt":"2025-01-03T08:44:49","slug":"regelmaessig-malvorlagen-fuer-dich","status":"publish","type":"page","link":"https:\/\/eva-ruth.at\/textdesign\/","title":{"rendered":"Das neue Gartenjahr beginnt!"},"content":{"rendered":"\n<figure class=\"wp-block-table\"><table><tbody><tr><td class=\"has-text-align-center\" data-align=\"center\"><strong><font color=\"green\">GANZ NEU!<\/font><\/strong><br><br><a href=\"https:\/\/www.amazon.de\/dp\/B0DQP5H8RF\/ref=sr_1_1?__mk_de_DE=%C3%85M%C3%85%C5%BD%C3%95%C3%91&amp;crid=2AHCGY6WYJM7E&amp;dib=eyJ2IjoiMSJ9.RxoOauCNIDtXdCg_tMZJQ542cEF1UYHj4vdZZwO7AwIg1979M5OI5j1Lh_BTDvOcas8urUASYIbxU1pw0uiGEEoQ8Q8nT8290eSPPvsovBD3J87n-II6hR4yw73aZrmhU5K_VyrHOEqntvp_AcLs1va3kxRWNEk4ekaQOx6yxWidz3edLnpfX7R8ljZ3a6iq4r_GFijfmzta0OJOSI2cCPi43YVHXG7PmPjCm4QUJ28.Tm7LIS5SkV0KApRWuvgnjolLxYFVDodeCfr3PytlaMU&amp;dib_tag=se&amp;keywords=wasser+managen+im+garten&amp;nsdOptOutParam=true&amp;qid=1734424752&amp;sprefix=wasser+managen+im+garten%2Caps%2C187&amp;sr=8-1\" target=\"_blank\" rel=\"noreferrer noopener nofollow\"><img loading=\"lazy\" decoding=\"async\" width=\"80\" height=\"120\" class=\"wp-image-1123\" style=\"width: 80px;\" src=\"https:\/\/eva-ruth.at\/textdesign\/wp-content\/uploads\/2024\/12\/wasser-managen.jpg\" alt=\"Wasser managen im Garten - Trockenheit und Starkregen f\u00fcr deinen Garten nutzen\" srcset=\"https:\/\/eva-ruth.at\/textdesign\/wp-content\/uploads\/2024\/12\/wasser-managen.jpg 1000w, https:\/\/eva-ruth.at\/textdesign\/wp-content\/uploads\/2024\/12\/wasser-managen-200x300.jpg 200w, https:\/\/eva-ruth.at\/textdesign\/wp-content\/uploads\/2024\/12\/wasser-managen-683x1024.jpg 683w, https:\/\/eva-ruth.at\/textdesign\/wp-content\/uploads\/2024\/12\/wasser-managen-768x1151.jpg 768w\" sizes=\"auto, (max-width: 80px) 100vw, 80px\" \/><\/a><a href=\"https:\/\/www.amazon.de\/Meine-Naturapotheke-Rezepte-nat%C3%BCrliche-Gesundheit\/dp\/B0CTQBMWR9\/ref=sr_1_4?__mk_de_DE=%C3%85M%C3%85%C5%BD%C3%95%C3%91&amp;crid=3BGBYOVL1WC2Y&amp;dib=eyJ2IjoiMSJ9.Q3XRsmQ8Ya_iikUR_GrhHjBrvW5DEklRoFU8pRyAf_6JiEzA_DqdUx9eg3uKa2HJonFi8mT3AwtbZ6xineJphaAC9pf825wvKuaympapTdyvnoGxGC08UVjwCtOr1Su9h55wG4wD9pKdMjUgad8sszsJsl2kqlPCH_wEJChq8nZq6RaP9B8HRsea0EZWqx5aS-Zqj8Anruc9Z6rPYzvhJU3TbMLCCVIirybmf7hZyVs.x_s67_WHEffiN8B8e4WI090sMYLM0qBoTgLYZc6Xu7I&amp;qid=1709187766&amp;sprefix=meine+naturapothek%2Caps%2C318&amp;sr=8-4\" target=\"_blank\" rel=\"noreferrer noopener nofollow\"><br><\/a><a href=\"https:\/\/www.amazon.de\/dp\/B0DQP5H8RF\/ref=sr_1_1?__mk_de_DE=%C3%85M%C3%85%C5%BD%C3%95%C3%91&amp;crid=2AHCGY6WYJM7E&amp;dib=eyJ2IjoiMSJ9.RxoOauCNIDtXdCg_tMZJQ542cEF1UYHj4vdZZwO7AwIg1979M5OI5j1Lh_BTDvOcas8urUASYIbxU1pw0uiGEEoQ8Q8nT8290eSPPvsovBD3J87n-II6hR4yw73aZrmhU5K_VyrHOEqntvp_AcLs1va3kxRWNEk4ekaQOx6yxWidz3edLnpfX7R8ljZ3a6iq4r_GFijfmzta0OJOSI2cCPi43YVHXG7PmPjCm4QUJ28.Tm7LIS5SkV0KApRWuvgnjolLxYFVDodeCfr3PytlaMU&amp;dib_tag=se&amp;keywords=wasser+managen+im+garten&amp;nsdOptOutParam=true&amp;qid=1734424752&amp;sprefix=wasser+managen+im+garten%2Caps%2C187&amp;sr=8-1\" target=\"_blank\" rel=\"noreferrer noopener nofollow\">Wasser <br>managen im <br>Garten<\/a><br>Starkregen <br>und Trockenheit nutzen<\/td><td class=\"has-text-align-center\" data-align=\"center\"><strong><font color=\"green\">Garten<\/font><\/strong><br><br><a href=\"https:\/\/www.amazon.de\/Wildnis-Topf-einzigartige-Fensterbrett-Gartenratgeber\/dp\/B0DJJMT91R\/ref=tmm_pap_swatch_0?_encoding=UTF8&amp;dib_tag=se&amp;dib=eyJ2IjoiMSJ9.dygw5ITXKh7bdEyYPfAKTmfdy4aOrWHhbS6mvaT8ID8FU5ZSnQBIHdJvdSPo9wt1qC_BvTb14kyzSTUr6YX9qNGlFWOPiPJeP09H1lv6a--tboA1rwJoDpAPdDZntrZmr2OP1q8A39C1fnPfRoBpNqCHsmAJmqDC_efbAQPENo6s9UMcDGahlqA2bpCIE1kuBpti3xdaNnYu4qYGUfDSKlTIeTB9bzu_tp8wiLj4VDo.C85emex5AvtJ43wpysbJoej3ccyuT59VBKSXBX3jfFE&amp;qid=1728303804&amp;sr=8-1\" target=\"_blank\" rel=\"noreferrer noopener nofollow\"><img loading=\"lazy\" decoding=\"async\" width=\"80\" height=\"119\" class=\"wp-image-1054\" style=\"width: 80px;\" src=\"https:\/\/eva-ruth.at\/textdesign\/wp-content\/uploads\/2024\/10\/61h8uIxa9zL._SL1491_.jpg\" alt=\"Wildnis im Topf - Buch f\u00fcr Menschen, die Nat\u00fcrlichkeit im Garten lieben, Cover\" srcset=\"https:\/\/eva-ruth.at\/textdesign\/wp-content\/uploads\/2024\/10\/61h8uIxa9zL._SL1491_.jpg 1000w, https:\/\/eva-ruth.at\/textdesign\/wp-content\/uploads\/2024\/10\/61h8uIxa9zL._SL1491_-201x300.jpg 201w, https:\/\/eva-ruth.at\/textdesign\/wp-content\/uploads\/2024\/10\/61h8uIxa9zL._SL1491_-687x1024.jpg 687w, https:\/\/eva-ruth.at\/textdesign\/wp-content\/uploads\/2024\/10\/61h8uIxa9zL._SL1491_-768x1145.jpg 768w\" sizes=\"auto, (max-width: 80px) 100vw, 80px\" \/><\/a><a href=\"https:\/\/www.amazon.de\/Gartentagebuch-Eintragen-Gartenplan-Gartenjahresplan-G%C3%A4rtnern\/dp\/B0D12D2D1D\/ref=sr_1_1?__mk_de_DE=%C3%85M%C3%85%C5%BD%C3%95%C3%91&amp;crid=1R2JVHPGWVSJ7&amp;dib=eyJ2IjoiMSJ9.sUO9dg2Tgih_cL18Y2rTA4wJsM793bkwWWTa8QLxacHBg6u786TNDDhOzR_29h9Yr03SLIh9YQhRyUVZms7HfoDm-1y5Yym9xkwzx4NcoB6yE_4wBUINLbPD28u-bpIIgxhPIWTV01HW7MjmpoGbzcpxVzNe97wX-3GNnqzxsmmwhoz62GTGKBMgiCvbqnawh7D74rwmkfoYIXlZjDEOx6Kx9ycoeolisafOHh6CUgs.K11HsZyoa9iFjLTYtSSrSLLhuuNBo_cW3POHhcOD7AE&amp;dib_tag=se&amp;keywords=gartentagebuch+eva+ruth&amp;qid=1713960292&amp;sprefix=gartentagebuch+eva+ruth%2Caps%2C138&amp;sr=8-1\" target=\"_blank\" rel=\"noreferrer noopener nofollow\"><br><\/a><a href=\"https:\/\/www.amazon.de\/Wildnis-Topf-einzigartige-Fensterbrett-Gartenratgeber\/dp\/B0DJJMT91R\/ref=tmm_pap_swatch_0?_encoding=UTF8&amp;dib_tag=se&amp;dib=eyJ2IjoiMSJ9.dygw5ITXKh7bdEyYPfAKTmfdy4aOrWHhbS6mvaT8ID8FU5ZSnQBIHdJvdSPo9wt1qC_BvTb14kyzSTUr6YX9qNGlFWOPiPJeP09H1lv6a--tboA1rwJoDpAPdDZntrZmr2OP1q8A39C1fnPfRoBpNqCHsmAJmqDC_efbAQPENo6s9UMcDGahlqA2bpCIE1kuBpti3xdaNnYu4qYGUfDSKlTIeTB9bzu_tp8wiLj4VDo.C85emex5AvtJ43wpysbJoej3ccyuT59VBKSXBX3jfFE&amp;qid=1728303804&amp;sr=8-1\" target=\"_blank\" rel=\"noreferrer noopener nofollow\">Wildnis im Topf<\/a><a href=\"https:\/\/www.amazon.de\/Gartentagebuch-Eintragen-Gartenplan-Gartenjahresplan-G%C3%A4rtnern\/dp\/B0D12D2D1D\/ref=sr_1_1?__mk_de_DE=%C3%85M%C3%85%C5%BD%C3%95%C3%91&amp;crid=1R2JVHPGWVSJ7&amp;dib=eyJ2IjoiMSJ9.sUO9dg2Tgih_cL18Y2rTA4wJsM793bkwWWTa8QLxacHBg6u786TNDDhOzR_29h9Yr03SLIh9YQhRyUVZms7HfoDm-1y5Yym9xkwzx4NcoB6yE_4wBUINLbPD28u-bpIIgxhPIWTV01HW7MjmpoGbzcpxVzNe97wX-3GNnqzxsmmwhoz62GTGKBMgiCvbqnawh7D74rwmkfoYIXlZjDEOx6Kx9ycoeolisafOHh6CUgs.K11HsZyoa9iFjLTYtSSrSLLhuuNBo_cW3POHhcOD7AE&amp;dib_tag=se&amp;keywords=gartentagebuch+eva+ruth&amp;qid=1713960292&amp;sprefix=gartentagebuch+eva+ruth%2Caps%2C138&amp;sr=8-1\" target=\"_blank\" rel=\"noreferrer noopener nofollow\"><br><\/a>F\u00fcr Menschen, <br>die die Natur <br>lieben<\/td><td class=\"has-text-align-center\" data-align=\"center\"><strong><font color=\"green\">Garten<\/font><\/strong><br><br><a href=\"https:\/\/www.amazon.de\/G%C3%A4rtnern-Folientunnel-Anschaffung-Folientunnels-Gew%C3%A4chsh%C3%A4user\/dp\/B0CFD2MC8X\/ref=sr_1_1?__mk_de_DE=%C3%85M%C3%85%C5%BD%C3%95%C3%91&amp;qid=1692960256&amp;sr=8-1\" target=\"_blank\" rel=\"noreferrer noopener nofollow\"><img loading=\"lazy\" decoding=\"async\" width=\"80\" height=\"117\" class=\"wp-image-415\" style=\"width: 80px;\" src=\"https:\/\/eva-ruth.at\/textdesign\/wp-content\/uploads\/2023\/08\/folientunnel_social.jpg\" alt=\"\" srcset=\"https:\/\/eva-ruth.at\/textdesign\/wp-content\/uploads\/2023\/08\/folientunnel_social.jpg 822w, https:\/\/eva-ruth.at\/textdesign\/wp-content\/uploads\/2023\/08\/folientunnel_social-206x300.jpg 206w, https:\/\/eva-ruth.at\/textdesign\/wp-content\/uploads\/2023\/08\/folientunnel_social-701x1024.jpg 701w, https:\/\/eva-ruth.at\/textdesign\/wp-content\/uploads\/2023\/08\/folientunnel_social-768x1121.jpg 768w\" sizes=\"auto, (max-width: 80px) 100vw, 80px\" \/><\/a><a href=\"https:\/\/www.amazon.de\/Meine-Naturapotheke-Rezepte-nat%C3%BCrliche-Gesundheit\/dp\/B0CTQBMWR9\/ref=sr_1_4?__mk_de_DE=%C3%85M%C3%85%C5%BD%C3%95%C3%91&amp;crid=3BGBYOVL1WC2Y&amp;dib=eyJ2IjoiMSJ9.Q3XRsmQ8Ya_iikUR_GrhHjBrvW5DEklRoFU8pRyAf_6JiEzA_DqdUx9eg3uKa2HJonFi8mT3AwtbZ6xineJphaAC9pf825wvKuaympapTdyvnoGxGC08UVjwCtOr1Su9h55wG4wD9pKdMjUgad8sszsJsl2kqlPCH_wEJChq8nZq6RaP9B8HRsea0EZWqx5aS-Zqj8Anruc9Z6rPYzvhJU3TbMLCCVIirybmf7hZyVs.x_s67_WHEffiN8B8e4WI090sMYLM0qBoTgLYZc6Xu7I&amp;qid=1709187766&amp;sprefix=meine+naturapothek%2Caps%2C318&amp;sr=8-4\" target=\"_blank\" rel=\"noreferrer noopener nofollow\"><br><\/a><a href=\"https:\/\/www.amazon.de\/G%C3%A4rtnern-Folientunnel-Anschaffung-Folientunnels-Gew%C3%A4chsh%C3%A4user\/dp\/B0CFD2MC8X\/ref=sr_1_1?__mk_de_DE=%C3%85M%C3%85%C5%BD%C3%95%C3%91&amp;qid=1692960256&amp;sr=8-1\" target=\"_blank\" rel=\"noreferrer noopener nofollow\">G\u00e4rtnern im Folientunnel<\/a><br>Anleitung <br>f\u00fcrs <br>Anbauen das <br>ganze Jahr<\/td><td class=\"has-text-align-center\" data-align=\"center\"><a href=\"https:\/\/www.amazon.de\/Meine-Kosmetik-Rezepte-Rezepte-Kosmetik-Naturkosmetik\/dp\/B0CWDHQZ1C\/ref=sr_1_1?__mk_de_DE=%C3%85M%C3%85%C5%BD%C3%95%C3%91&amp;crid=3AL2NAVPFMA8Y&amp;dib=eyJ2IjoiMSJ9.5vujQz20nhOiYzWmLLz3z1VNYfWEF1B6nM6MW4KxMBhe6IGE66W50tpF5MFft_Jrp99yL8LV0P9cOCVmLZFU-GtdjqKMHCNrZLTowk3YixJD-fOj7TepVmF_6OpBv-LsEpj52pGCLT3_yk3uE2v6aevGboYQb-xFaWek-ozQSU-4PL4DcAkIpm4Qw4_atQfz6acSa56ZdVzFpoxKrN0I38L4jgZT20tlHy1QWf1HYoc.Qr6hW25QULN12x06_HZjN8XXn-zzWsHmA9wBhS53Wic&amp;dib_tag=se&amp;qid=1709187751&amp;sprefix=meine+naturrezepte%2Caps%2C145&amp;sr=8-1\" target=\"_blank\" rel=\"noreferrer noopener nofollow\"><\/a><strong><font color=\"gold\">Teebuch<\/font><\/strong><br><br><a href=\"https:\/\/www.amazon.de\/Haustee-selber-machen-aromatischen-sammeln\/dp\/B0CG7SK1ZT\/ref=sr_1_1?__mk_de_DE=%C3%85M%C3%85%C5%BD%C3%95%C3%91&amp;crid=OG5TOOKMYRF2&amp;qid=1699533267&amp;sprefix=eva+ruth+haustee%2Caps%2C124&amp;sr=8-1\" target=\"_blank\" rel=\"noreferrer noopener nofollow\"><img loading=\"lazy\" decoding=\"async\" width=\"151\" height=\"231\" class=\"wp-image-450\" style=\"width: 151px;\" src=\"https:\/\/eva-ruth.at\/textdesign\/wp-content\/uploads\/2023\/09\/haustee1.jpg\" alt=\"\" srcset=\"https:\/\/eva-ruth.at\/textdesign\/wp-content\/uploads\/2023\/09\/haustee1.jpg 225w, https:\/\/eva-ruth.at\/textdesign\/wp-content\/uploads\/2023\/09\/haustee1-196x300.jpg 196w\" sizes=\"auto, (max-width: 151px) 100vw, 151px\" \/><\/a><br><a href=\"https:\/\/www.amazon.de\/Haustee-selber-machen-aromatischen-sammeln\/dp\/B0CG7SK1ZT\/ref=sr_1_1?__mk_de_DE=%C3%85M%C3%85%C5%BD%C3%95%C3%91&amp;crid=OG5TOOKMYRF2&amp;qid=1699533267&amp;sprefix=eva+ruth+haustee%2Caps%2C124&amp;sr=8-1\" target=\"_blank\" rel=\"noreferrer noopener nofollow\">Haustee<\/a><br>K\u00f6stliche <br>Tees<br>selbst sammeln <br>und trocknen<\/td><td class=\"has-text-align-center\" data-align=\"center\"><strong><a href=\"https:\/\/www.amazon.de\/dp\/B0DP7WY2HL\/ref=tmm_pap_swatch_0?_encoding=UTF8&amp;dib_tag=se&amp;dib=eyJ2IjoiMSJ9.uc6qUcE16bsx8Cc7LXYaE0WeajO3gWbQGtmIbKB9IWzxPXF6fz261bUORFwGBzBwAgXd0Dzpj94gNROkZJ1ygcHnTx6Pi3g3byBvAzyV0t6n2XHX_k1Qc7559QHiMTmbqJd3OC14bnAersE3mi-w3gDE7UmQ8rBuWXThe2sqv5nw2vn4T2eckIYuK8S-nTO89QoN1c-33v-itW18uiVVDwjRPdV2J7cTmTgui1CXrstEZboU7vxPzNmcQ3ymqon1AGA4ASchLEFVr4UbcvO2XxryiyUUY0DlbxU9dsSI_Bo.YcZ2cYU-7xLtZW-8xMIuF86HQPIa-SV4EqWjPbvHE2g&amp;qid=1733225277&amp;sr=8-1\" target=\"_blank\" rel=\"noreferrer noopener nofollow\"><font color=\"red\">Garten<\/font><\/a><\/strong><br><strong><a href=\"https:\/\/www.amazon.de\/dp\/B0DP7WY2HL\/ref=tmm_pap_swatch_0?_encoding=UTF8&amp;dib_tag=se&amp;dib=eyJ2IjoiMSJ9.uc6qUcE16bsx8Cc7LXYaE0WeajO3gWbQGtmIbKB9IWzxPXF6fz261bUORFwGBzBwAgXd0Dzpj94gNROkZJ1ygcHnTx6Pi3g3byBvAzyV0t6n2XHX_k1Qc7559QHiMTmbqJd3OC14bnAersE3mi-w3gDE7UmQ8rBuWXThe2sqv5nw2vn4T2eckIYuK8S-nTO89QoN1c-33v-itW18uiVVDwjRPdV2J7cTmTgui1CXrstEZboU7vxPzNmcQ3ymqon1AGA4ASchLEFVr4UbcvO2XxryiyUUY0DlbxU9dsSI_Bo.YcZ2cYU-7xLtZW-8xMIuF86HQPIa-SV4EqWjPbvHE2g&amp;qid=1733225277&amp;sr=8-1\" target=\"_blank\" rel=\"noreferrer noopener nofollow\"><font color=\"red\">Tagebuch<\/font><\/a><\/strong><br><br><img loading=\"lazy\" decoding=\"async\" width=\"80\" height=\"120\" class=\"wp-image-912\" style=\"width: 80px;\" src=\"https:\/\/eva-ruth.at\/textdesign\/wp-content\/uploads\/2024\/04\/615R05JJEYL._SL1499_.jpg\" alt=\"Gartentagebuch zum Selbstgestalten\" srcset=\"https:\/\/eva-ruth.at\/textdesign\/wp-content\/uploads\/2024\/04\/615R05JJEYL._SL1499_.jpg 1000w, https:\/\/eva-ruth.at\/textdesign\/wp-content\/uploads\/2024\/04\/615R05JJEYL._SL1499_-200x300.jpg 200w, https:\/\/eva-ruth.at\/textdesign\/wp-content\/uploads\/2024\/04\/615R05JJEYL._SL1499_-683x1024.jpg 683w, https:\/\/eva-ruth.at\/textdesign\/wp-content\/uploads\/2024\/04\/615R05JJEYL._SL1499_-768x1151.jpg 768w\" sizes=\"auto, (max-width: 80px) 100vw, 80px\" \/><br><a href=\"https:\/\/www.amazon.de\/Gartentagebuch-Eintragen-Gartenplan-Gartenjahresplan-G%C3%A4rtnern\/dp\/B0D12D2D1D\/ref=sr_1_1?__mk_de_DE=%C3%85M%C3%85%C5%BD%C3%95%C3%91&amp;crid=25TSITHYVYZ9&amp;dib=eyJ2IjoiMSJ9.cqwc_qYh0mqEwJVRuEpsq-WZmNIOYdwFHccT_HvmMfFoSr8YAZcyxfsoHG9QiVr_GoN7V5f-N3P1xnjuO3SdMSLemT5s-56Tu76Vj00BwruzMvzRvl1sUkZ4H37gmcjoGBUHN8SHj1EWZbO75eA5XYTQ1BdbuibO0tODUUYr7A_FIthnzYzuvKExG9vepgVU7bbx8b9z3vfi4iKE1JPU6cuBPmrK6PBjZ823MDkwBV8.Bgs8gcAzXN-5I9CAxunTqndtJsA9ZLmIDZw4Zaz31Po&amp;dib_tag=se&amp;keywords=gartentagebuch+eva+ruth&amp;nsdOptOutParam=true&amp;qid=1735893634&amp;sprefix=gartentagebuch+eva+ruth%2Caps%2C133&amp;sr=8-1\" target=\"_blank\" rel=\"noreferrer noopener nofollow\">Garten <\/a><br><a href=\"https:\/\/www.amazon.de\/Gartentagebuch-Eintragen-Gartenplan-Gartenjahresplan-G%C3%A4rtnern\/dp\/B0D12D2D1D\/ref=sr_1_1?__mk_de_DE=%C3%85M%C3%85%C5%BD%C3%95%C3%91&amp;crid=25TSITHYVYZ9&amp;dib=eyJ2IjoiMSJ9.cqwc_qYh0mqEwJVRuEpsq-WZmNIOYdwFHccT_HvmMfFoSr8YAZcyxfsoHG9QiVr_GoN7V5f-N3P1xnjuO3SdMSLemT5s-56Tu76Vj00BwruzMvzRvl1sUkZ4H37gmcjoGBUHN8SHj1EWZbO75eA5XYTQ1BdbuibO0tODUUYr7A_FIthnzYzuvKExG9vepgVU7bbx8b9z3vfi4iKE1JPU6cuBPmrK6PBjZ823MDkwBV8.Bgs8gcAzXN-5I9CAxunTqndtJsA9ZLmIDZw4Zaz31Po&amp;dib_tag=se&amp;keywords=gartentagebuch+eva+ruth&amp;nsdOptOutParam=true&amp;qid=1735893634&amp;sprefix=gartentagebuch+eva+ruth%2Caps%2C133&amp;sr=8-1\" target=\"_blank\" rel=\"noreferrer noopener nofollow\">Tagebuch<\/a><br>f\u00fcr <br>dein <br>pers\u00f6nliches Gartenjahr<\/td><\/tr><\/tbody><\/table><\/figure>\n\n\n\n<figure class=\"wp-block-table\"><table><tbody><tr><td><\/td><td>Notizb\u00fccher:<\/td><td>Malb\u00fccher:<\/td><td class=\"has-text-align-center\" data-align=\"center\">Spezial Rezepte<\/td><td>Malvorlage:<\/td><\/tr><tr><td><\/td><td><a href=\"https:\/\/www.amazon.de\/Lustiges-Notizbuch-Eulen-Notieren-Einkleben\/dp\/B0CQXT7KSS\/ref=sr_1_4?__mk_de_DE=%C3%85M%C3%85%C5%BD%C3%95%C3%91&amp;crid=3RUI0URDMZCGU&amp;qid=1704450791&amp;sprefix=lustiges+notizbuch+mit+eulen%2Caps%2C127&amp;sr=8-4\" target=\"_blank\" rel=\"noreferrer noopener nofollow\"><img loading=\"lazy\" decoding=\"async\" width=\"80\" height=\"101\" class=\"wp-image-810\" style=\"width: 80px;\" src=\"https:\/\/eva-ruth.at\/textdesign\/wp-content\/uploads\/2024\/01\/eulen.jpg\" alt=\"Lustiges Notizbuch mit Eulen\" srcset=\"https:\/\/eva-ruth.at\/textdesign\/wp-content\/uploads\/2024\/01\/eulen.jpg 1000w, https:\/\/eva-ruth.at\/textdesign\/wp-content\/uploads\/2024\/01\/eulen-238x300.jpg 238w, https:\/\/eva-ruth.at\/textdesign\/wp-content\/uploads\/2024\/01\/eulen-813x1024.jpg 813w, https:\/\/eva-ruth.at\/textdesign\/wp-content\/uploads\/2024\/01\/eulen-768x968.jpg 768w\" sizes=\"auto, (max-width: 80px) 100vw, 80px\" \/><\/a><\/td><td><a href=\"https:\/\/www.amazon.de\/Herz-Malzeit-aufgehen-lassen-Coloring\/dp\/B0CNZ7BRTD\/ref=sr_1_1?__mk_de_DE=%C3%85M%C3%85%C5%BD%C3%95%C3%91&amp;crid=2BZFV4WQBW7W6&amp;qid=1704449361&amp;sprefix=eva+ruth+malbuch+herz%2Caps%2C121&amp;sr=8-1\" target=\"_blank\" rel=\"noreferrer noopener nofollow\"><img loading=\"lazy\" decoding=\"async\" width=\"80\" height=\"114\" class=\"wp-image-784\" style=\"width: 80px;\" src=\"https:\/\/eva-ruth.at\/textdesign\/wp-content\/uploads\/2024\/01\/71FGXCUTBHL._SL1422_.jpg\" alt=\"Herz Malbuch\" srcset=\"https:\/\/eva-ruth.at\/textdesign\/wp-content\/uploads\/2024\/01\/71FGXCUTBHL._SL1422_.jpg 1000w, https:\/\/eva-ruth.at\/textdesign\/wp-content\/uploads\/2024\/01\/71FGXCUTBHL._SL1422_-211x300.jpg 211w, https:\/\/eva-ruth.at\/textdesign\/wp-content\/uploads\/2024\/01\/71FGXCUTBHL._SL1422_-720x1024.jpg 720w, https:\/\/eva-ruth.at\/textdesign\/wp-content\/uploads\/2024\/01\/71FGXCUTBHL._SL1422_-768x1092.jpg 768w\" sizes=\"auto, (max-width: 80px) 100vw, 80px\" \/><\/a><\/td><td class=\"has-text-align-center\" data-align=\"center\"><a href=\"https:\/\/www.amazon.de\/Meine-Naturapotheke-Rezepte-nat%C3%BCrliche-Gesundheit\/dp\/B0CTQBMWR9\/ref=sr_1_4?__mk_de_DE=%C3%85M%C3%85%C5%BD%C3%95%C3%91&amp;crid=3BGBYOVL1WC2Y&amp;dib=eyJ2IjoiMSJ9.Q3XRsmQ8Ya_iikUR_GrhHjBrvW5DEklRoFU8pRyAf_6JiEzA_DqdUx9eg3uKa2HJonFi8mT3AwtbZ6xineJphaAC9pf825wvKuaympapTdyvnoGxGC08UVjwCtOr1Su9h55wG4wD9pKdMjUgad8sszsJsl2kqlPCH_wEJChq8nZq6RaP9B8HRsea0EZWqx5aS-Zqj8Anruc9Z6rPYzvhJU3TbMLCCVIirybmf7hZyVs.x_s67_WHEffiN8B8e4WI090sMYLM0qBoTgLYZc6Xu7I&amp;qid=1709187766&amp;sprefix=meine+naturapothek%2Caps%2C318&amp;sr=8-4\" target=\"_blank\" rel=\"noreferrer noopener nofollow\"><img loading=\"lazy\" decoding=\"async\" width=\"80\" height=\"119\" class=\"wp-image-851\" style=\"width: 80px;\" src=\"https:\/\/eva-ruth.at\/textdesign\/wp-content\/uploads\/2024\/02\/61SThbX2PdL._SL1491_.jpg\" alt=\"Meine Naturapotheke\" srcset=\"https:\/\/eva-ruth.at\/textdesign\/wp-content\/uploads\/2024\/02\/61SThbX2PdL._SL1491_.jpg 1000w, https:\/\/eva-ruth.at\/textdesign\/wp-content\/uploads\/2024\/02\/61SThbX2PdL._SL1491_-201x300.jpg 201w, https:\/\/eva-ruth.at\/textdesign\/wp-content\/uploads\/2024\/02\/61SThbX2PdL._SL1491_-687x1024.jpg 687w, https:\/\/eva-ruth.at\/textdesign\/wp-content\/uploads\/2024\/02\/61SThbX2PdL._SL1491_-768x1145.jpg 768w\" sizes=\"auto, (max-width: 80px) 100vw, 80px\" \/><\/a><\/td><td><a href=\"https:\/\/eva-ruth.at\/textdesign\/wp-content\/uploads\/2024\/01\/vorlage-scaled.jpg\" target=\"_blank\" rel=\"noreferrer noopener nofollow\"><img loading=\"lazy\" decoding=\"async\" width=\"75\" height=\"105\" class=\"wp-image-837\" style=\"width: 75px;\" src=\"https:\/\/eva-ruth.at\/textdesign\/wp-content\/uploads\/2024\/01\/vorlagekl.jpg\" alt=\"Vorlage Herz Malzeit - Malbuch\" srcset=\"https:\/\/eva-ruth.at\/textdesign\/wp-content\/uploads\/2024\/01\/vorlagekl.jpg 872w, https:\/\/eva-ruth.at\/textdesign\/wp-content\/uploads\/2024\/01\/vorlagekl-214x300.jpg 214w, https:\/\/eva-ruth.at\/textdesign\/wp-content\/uploads\/2024\/01\/vorlagekl-732x1024.jpg 732w, https:\/\/eva-ruth.at\/textdesign\/wp-content\/uploads\/2024\/01\/vorlagekl-768x1074.jpg 768w\" sizes=\"auto, (max-width: 75px) 100vw, 75px\" \/><\/a><\/td><\/tr><tr><td><\/td><td><a href=\"https:\/\/eva-ruth.at\/textdesign\/notizbuecher\/\" data-type=\"link\" data-id=\"https:\/\/www.amazon.de\/Lustiges-Notizbuch-Schildkr%C3%B6te-Schule-Arbeit\/dp\/B0CQXH2LVK\/ref=sr_1_1?__mk_de_DE=%C3%85M%C3%85%C5%BD%C3%95%C3%91&amp;crid=25G4FMWA3MGSL&amp;qid=1704449267&amp;sprefix=lustiges+notizbuch+mit+schildkr%C3%B6te+eva+ruth%2Caps%2C127&amp;sr=8-1\" target=\"_blank\" rel=\"noreferrer noopener nofollow\">Noch mehr Notizb\u00fccher<\/a><\/td><td><a href=\"https:\/\/www.amazon.de\/Herz-Malzeit-aufgehen-lassen-Coloring\/dp\/B0CNZ7BRTD\/ref=sr_1_1?__mk_de_DE=%C3%85M%C3%85%C5%BD%C3%95%C3%91&amp;crid=2BZFV4WQBW7W6&amp;qid=1704449361&amp;sprefix=eva+ruth+malbuch+herz%2Caps%2C121&amp;sr=8-1\" target=\"_blank\" rel=\"noreferrer noopener nofollow\">Herz Malzeit &#8211; Short!<\/a><\/td><td class=\"has-text-align-center\" data-align=\"center\"><a href=\"https:\/\/www.amazon.de\/Meine-Naturapotheke-Rezepte-nat%C3%BCrliche-Gesundheit\/dp\/B0CTQBMWR9\/ref=sr_1_4?__mk_de_DE=%C3%85M%C3%85%C5%BD%C3%95%C3%91&amp;crid=3BGBYOVL1WC2Y&amp;dib=eyJ2IjoiMSJ9.Q3XRsmQ8Ya_iikUR_GrhHjBrvW5DEklRoFU8pRyAf_6JiEzA_DqdUx9eg3uKa2HJonFi8mT3AwtbZ6xineJphaAC9pf825wvKuaympapTdyvnoGxGC08UVjwCtOr1Su9h55wG4wD9pKdMjUgad8sszsJsl2kqlPCH_wEJChq8nZq6RaP9B8HRsea0EZWqx5aS-Zqj8Anruc9Z6rPYzvhJU3TbMLCCVIirybmf7hZyVs.x_s67_WHEffiN8B8e4WI090sMYLM0qBoTgLYZc6Xu7I&amp;qid=1709187766&amp;sprefix=meine+naturapothek%2Caps%2C318&amp;sr=8-4\" target=\"_blank\" rel=\"noreferrer noopener nofollow\">Naturapotheke<br>zum Selberschreiben<\/a><\/td><td><a href=\"https:\/\/eva-ruth.at\/textdesign\/wp-content\/uploads\/2024\/01\/vorlage-scaled.jpg\" target=\"_blank\" rel=\"noreferrer noopener nofollow\">Deine Malvorlage<br>Zum Download<\/a><\/td><\/tr><\/tbody><\/table><\/figure>\n\n\n\n<h2 class=\"wp-block-heading\">Regelm\u00e4\u00dfig Malvorlagen &#8211; ins Postfach!<\/h2>\n\n\n<style id=\"wpforms-css-vars-root\">\n\t\t\t\t:root {\n\t\t\t\t\t--wpforms-field-border-radius: 3px;\n--wpforms-field-background-color: #ffffff;\n--wpforms-field-border-color: rgba( 0, 0, 0, 0.25 );\n--wpforms-field-text-color: rgba( 0, 0, 0, 0.7 );\n--wpforms-label-color: rgba( 0, 0, 0, 0.85 );\n--wpforms-label-sublabel-color: rgba( 0, 0, 0, 0.55 );\n--wpforms-label-error-color: #d63637;\n--wpforms-button-border-radius: 3px;\n--wpforms-button-background-color: #066aab;\n--wpforms-button-text-color: #ffffff;\n--wpforms-page-break-color: #066aab;\n--wpforms-field-size-input-height: 43px;\n--wpforms-field-size-input-spacing: 15px;\n--wpforms-field-size-font-size: 16px;\n--wpforms-field-size-line-height: 19px;\n--wpforms-field-size-padding-h: 14px;\n--wpforms-field-size-checkbox-size: 16px;\n--wpforms-field-size-sublabel-spacing: 5px;\n--wpforms-field-size-icon-size: 1;\n--wpforms-label-size-font-size: 16px;\n--wpforms-label-size-line-height: 19px;\n--wpforms-label-size-sublabel-font-size: 14px;\n--wpforms-label-size-sublabel-line-height: 17px;\n--wpforms-button-size-font-size: 17px;\n--wpforms-button-size-height: 41px;\n--wpforms-button-size-padding-h: 15px;\n--wpforms-button-size-margin-top: 10px;\n\n\t\t\t\t}\n\t\t\t<\/style><div class=\"wpforms-container wpforms-container-full wpforms-block wpforms-block-c48b72c2-dd9b-49da-95af-5373c5027bc2 wpforms-render-modern\" id=\"wpforms-583\"><form id=\"wpforms-form-583\" class=\"wpforms-validate wpforms-form wpforms-ajax-form\" data-formid=\"583\" method=\"post\" enctype=\"multipart\/form-data\" action=\"\/textdesign\/wp-json\/wp\/v2\/pages\/626\" data-token=\"01466185ea6785daaf92e7babc00eb10\"><noscript class=\"wpforms-error-noscript\">Bitte aktiviere JavaScript in deinem Browser, um dieses Formular fertigzustellen.<\/noscript><div class=\"wpforms-hidden\" id=\"wpforms-error-noscript\">Bitte aktiviere JavaScript in deinem Browser, um dieses Formular fertigzustellen.<\/div><div class=\"wpforms-field-container\"><div id=\"wpforms-583-field_1-container\" class=\"wpforms-field wpforms-field-name\" data-field-id=\"1\"><fieldset><legend class=\"wpforms-field-label\">Name <span class=\"wpforms-required-label\" aria-hidden=\"true\">*<\/span><\/legend><div class=\"wpforms-field-row wpforms-field-medium\"><div class=\"wpforms-field-row-block wpforms-first wpforms-one-half\"><input type=\"text\" id=\"wpforms-583-field_1\" class=\"wpforms-field-name-first wpforms-field-required\" name=\"wpforms[fields][1][first]\" aria-errormessage=\"wpforms-583-field_1-error\" required><label for=\"wpforms-583-field_1\" class=\"wpforms-field-sublabel after \">Vorname<\/label><\/div><div class=\"wpforms-field-row-block wpforms-one-half\"><input type=\"text\" id=\"wpforms-583-field_1-last\" class=\"wpforms-field-name-last wpforms-field-required\" name=\"wpforms[fields][1][last]\" aria-errormessage=\"wpforms-583-field_1-last-error\" required><label for=\"wpforms-583-field_1-last\" class=\"wpforms-field-sublabel after \">Nachname<\/label><\/div><\/div><\/fieldset><\/div><div id=\"wpforms-583-field_2-container\" class=\"wpforms-field wpforms-field-email\" data-field-id=\"2\"><label class=\"wpforms-field-label\" for=\"wpforms-583-field_2\">Email <span class=\"wpforms-required-label\" aria-hidden=\"true\">*<\/span><\/label><input type=\"email\" id=\"wpforms-583-field_2\" class=\"wpforms-field-medium wpforms-field-required\" name=\"wpforms[fields][2]\" spellcheck=\"false\" aria-errormessage=\"wpforms-583-field_2-error\" required><\/div><\/div><!-- .wpforms-field-container --><div class=\"wpforms-submit-container\" ><input type=\"hidden\" name=\"wpforms[id]\" value=\"583\"><input type=\"hidden\" name=\"wpforms[author]\" value=\"1\"><button type=\"submit\" name=\"wpforms[submit]\" id=\"wpforms-submit-583\" class=\"wpforms-submit\" data-alt-text=\"wird gesendet\" data-submit-text=\"abschicken\" aria-live=\"assertive\" value=\"wpforms-submit\">abschicken<\/button><img loading=\"lazy\" decoding=\"async\" src=\"https:\/\/eva-ruth.at\/textdesign\/wp-content\/plugins\/wpforms-lite\/assets\/images\/submit-spin.svg\" class=\"wpforms-submit-spinner\" style=\"display: none;\" width=\"26\" height=\"26\" alt=\"Wird geladen\"><\/div><\/form><\/div>  <!-- .wpforms-container -->","protected":false},"excerpt":{"rendered":"<p>GANZ NEU! Wasser managen im GartenStarkregen und Trockenheit nutzen Garten Wildnis im TopfF\u00fcr Menschen, die die Natur lieben Garten G\u00e4rtnern im FolientunnelAnleitung f\u00fcrs Anbauen das ganze Jahr Teebuch HausteeK\u00f6stliche Teesselbst sammeln und trocknen GartenTagebuch Garten Tagebuchf\u00fcr dein pers\u00f6nliches Gartenjahr Notizb\u00fccher: Malb\u00fccher: Spezial Rezepte Malvorlage: Noch mehr Notizb\u00fccher Herz Malzeit &#8211; Short! Naturapothekezum Selberschreiben Deine MalvorlageZum &hellip; <\/p>\n<p class=\"link-more\"><a href=\"https:\/\/eva-ruth.at\/textdesign\/\" class=\"more-link\"><span class=\"screen-reader-text\">\u201eDas neue Gartenjahr beginnt!\u201c<\/span> weiterlesen<\/a><\/p>\n","protected":false},"author":1,"featured_media":0,"parent":0,"menu_order":0,"comment_status":"closed","ping_status":"closed","template":"","meta":{"footnotes":""},"class_list":["post-626","page","type-page","status-publish","hentry"],"_links":{"self":[{"href":"https:\/\/eva-ruth.at\/textdesign\/wp-json\/wp\/v2\/pages\/626","targetHints":{"allow":["GET"]}}],"collection":[{"href":"https:\/\/eva-ruth.at\/textdesign\/wp-json\/wp\/v2\/pages"}],"about":[{"href":"https:\/\/eva-ruth.at\/textdesign\/wp-json\/wp\/v2\/types\/page"}],"author":[{"embeddable":true,"href":"https:\/\/eva-ruth.at\/textdesign\/wp-json\/wp\/v2\/users\/1"}],"replies":[{"embeddable":true,"href":"https:\/\/eva-ruth.at\/textdesign\/wp-json\/wp\/v2\/comments?post=626"}],"version-history":[{"count":121,"href":"https:\/\/eva-ruth.at\/textdesign\/wp-json\/wp\/v2\/pages\/626\/revisions"}],"predecessor-version":[{"id":1185,"href":"https:\/\/eva-ruth.at\/textdesign\/wp-json\/wp\/v2\/pages\/626\/revisions\/1185"}],"wp:attachment":[{"href":"https:\/\/eva-ruth.at\/textdesign\/wp-json\/wp\/v2\/media?parent=626"}],"curies":[{"name":"wp","href":"https:\/\/api.w.org\/{rel}","templated":true}]}}