{"id":632,"date":"2023-11-02T13:04:11","date_gmt":"2023-11-02T13:04:11","guid":{"rendered":"https:\/\/eva-ruth.at\/textdesign\/?page_id=632"},"modified":"2025-09-28T09:22:01","modified_gmt":"2025-09-28T09:22:01","slug":"kostenloses-fuer-dich","status":"publish","type":"page","link":"https:\/\/eva-ruth.at\/textdesign\/kostenloses-fuer-dich\/","title":{"rendered":"Kostenloses f\u00fcr dich"},"content":{"rendered":"\n<p>Hol dir regelm\u00e4\u00dfig Malvorlagen und Informationen \u00fcber Neuigkeiten bei eva-ruth.at. Du erh\u00e4ltst etwa einmal im Monat eine Benachrichtigung mit deinem Link zur neuen Malvorlage. Diese Nachrichten kannst du jederzeit abbestellen. <\/p>\n\n\n<style id=\"wpforms-css-vars-root\">\n\t\t\t\t:root {\n\t\t\t\t\t--wpforms-field-border-radius: 3px;\n--wpforms-field-background-color: #ffffff;\n--wpforms-field-border-color: rgba( 0, 0, 0, 0.25 );\n--wpforms-field-text-color: rgba( 0, 0, 0, 0.7 );\n--wpforms-label-color: rgba( 0, 0, 0, 0.85 );\n--wpforms-label-sublabel-color: rgba( 0, 0, 0, 0.55 );\n--wpforms-label-error-color: #d63637;\n--wpforms-button-border-radius: 3px;\n--wpforms-button-background-color: #066aab;\n--wpforms-button-text-color: #ffffff;\n--wpforms-page-break-color: #066aab;\n--wpforms-field-size-input-height: 43px;\n--wpforms-field-size-input-spacing: 15px;\n--wpforms-field-size-font-size: 16px;\n--wpforms-field-size-line-height: 19px;\n--wpforms-field-size-padding-h: 14px;\n--wpforms-field-size-checkbox-size: 16px;\n--wpforms-field-size-sublabel-spacing: 5px;\n--wpforms-field-size-icon-size: 1;\n--wpforms-label-size-font-size: 16px;\n--wpforms-label-size-line-height: 19px;\n--wpforms-label-size-sublabel-font-size: 14px;\n--wpforms-label-size-sublabel-line-height: 17px;\n--wpforms-button-size-font-size: 17px;\n--wpforms-button-size-height: 41px;\n--wpforms-button-size-padding-h: 15px;\n--wpforms-button-size-margin-top: 10px;\n\n\t\t\t\t}\n\t\t\t<\/style><div class=\"wpforms-container wpforms-container-full wpforms-block wpforms-block-c48b72c2-dd9b-49da-95af-5373c5027bc2 wpforms-render-modern\" id=\"wpforms-583\"><form id=\"wpforms-form-583\" class=\"wpforms-validate wpforms-form wpforms-ajax-form\" data-formid=\"583\" method=\"post\" enctype=\"multipart\/form-data\" action=\"\/textdesign\/wp-json\/wp\/v2\/pages\/632\" data-token=\"5d10aac5fb012ce545524901e0037d6d\"><noscript class=\"wpforms-error-noscript\">Bitte aktiviere JavaScript in deinem Browser, um dieses Formular fertigzustellen.<\/noscript><div class=\"wpforms-hidden\" id=\"wpforms-error-noscript\">Bitte aktiviere JavaScript in deinem Browser, um dieses Formular fertigzustellen.<\/div><div class=\"wpforms-field-container\"><div id=\"wpforms-583-field_1-container\" class=\"wpforms-field wpforms-field-name\" data-field-id=\"1\"><fieldset><legend class=\"wpforms-field-label\">Name <span class=\"wpforms-required-label\" aria-hidden=\"true\">*<\/span><\/legend><div class=\"wpforms-field-row wpforms-field-medium\"><div class=\"wpforms-field-row-block wpforms-first wpforms-one-half\"><input type=\"text\" id=\"wpforms-583-field_1\" class=\"wpforms-field-name-first wpforms-field-required\" name=\"wpforms[fields][1][first]\" aria-errormessage=\"wpforms-583-field_1-error\" required><label for=\"wpforms-583-field_1\" class=\"wpforms-field-sublabel after \">Vorname<\/label><\/div><div class=\"wpforms-field-row-block wpforms-one-half\"><input type=\"text\" id=\"wpforms-583-field_1-last\" class=\"wpforms-field-name-last wpforms-field-required\" name=\"wpforms[fields][1][last]\" aria-errormessage=\"wpforms-583-field_1-last-error\" required><label for=\"wpforms-583-field_1-last\" class=\"wpforms-field-sublabel after \">Nachname<\/label><\/div><\/div><\/fieldset><\/div><div id=\"wpforms-583-field_2-container\" class=\"wpforms-field wpforms-field-email\" data-field-id=\"2\"><label class=\"wpforms-field-label\" for=\"wpforms-583-field_2\">Email <span class=\"wpforms-required-label\" aria-hidden=\"true\">*<\/span><\/label><input type=\"email\" id=\"wpforms-583-field_2\" class=\"wpforms-field-medium wpforms-field-required\" name=\"wpforms[fields][2]\" spellcheck=\"false\" aria-errormessage=\"wpforms-583-field_2-error\" required><\/div><\/div><!-- .wpforms-field-container --><div class=\"wpforms-submit-container\" ><input type=\"hidden\" name=\"wpforms[id]\" value=\"583\"><input type=\"hidden\" name=\"wpforms[author]\" value=\"1\"><button type=\"submit\" name=\"wpforms[submit]\" id=\"wpforms-submit-583\" class=\"wpforms-submit\" data-alt-text=\"wird gesendet\" data-submit-text=\"abschicken\" aria-live=\"assertive\" value=\"wpforms-submit\">abschicken<\/button><img loading=\"lazy\" decoding=\"async\" src=\"https:\/\/eva-ruth.at\/textdesign\/wp-content\/plugins\/wpforms-lite\/assets\/images\/submit-spin.svg\" class=\"wpforms-submit-spinner\" style=\"display: none;\" width=\"26\" height=\"26\" alt=\"Wird geladen\"><\/div><\/form><\/div>  <!-- .wpforms-container -->\n\n\n<h2 class=\"wp-block-heading\">Deine aktuellen Malvorlagen zum Herunterladen! <\/h2>\n\n\n\n<figure class=\"wp-block-table\"><table><tbody><tr><td>Aktuelle Vorlage<\/td><td>Letzte Vorlage <br>(noch schnell downloaden \ud83d\ude09 )<\/td><\/tr><tr><td><a href=\"https:\/\/eva-ruth.at\/textdesign\/wp-content\/uploads\/2023\/11\/halloween_vorlage.pdf\" target=\"_blank\" rel=\"noreferrer noopener nofollow\"><img loading=\"lazy\" decoding=\"async\" width=\"150\" height=\"214\" class=\"wp-image-634\" style=\"width: 150px;\" src=\"https:\/\/eva-ruth.at\/textdesign\/wp-content\/uploads\/2023\/11\/Unbenannt.jpg\" alt=\"\" srcset=\"https:\/\/eva-ruth.at\/textdesign\/wp-content\/uploads\/2023\/11\/Unbenannt.jpg 673w, https:\/\/eva-ruth.at\/textdesign\/wp-content\/uploads\/2023\/11\/Unbenannt-210x300.jpg 210w\" sizes=\"auto, (max-width: 150px) 100vw, 150px\" \/><br>Deine Malvorlage<br>Zum Download<\/a><\/td><td><a href=\"https:\/\/eva-ruth.at\/textdesign\/wp-content\/uploads\/2023\/11\/rentier.pdf\" target=\"_blank\" rel=\"noreferrer noopener nofollow\"><img loading=\"lazy\" decoding=\"async\" width=\"150\" height=\"216\" class=\"wp-image-642\" style=\"width: 150px;\" src=\"https:\/\/eva-ruth.at\/textdesign\/wp-content\/uploads\/2023\/11\/vorlage_weihnachten_rentier.jpg\" alt=\"\" srcset=\"https:\/\/eva-ruth.at\/textdesign\/wp-content\/uploads\/2023\/11\/vorlage_weihnachten_rentier.jpg 548w, https:\/\/eva-ruth.at\/textdesign\/wp-content\/uploads\/2023\/11\/vorlage_weihnachten_rentier-209x300.jpg 209w\" sizes=\"auto, (max-width: 150px) 100vw, 150px\" \/><\/a><br><a href=\"https:\/\/eva-ruth.at\/textdesign\/wp-content\/uploads\/2023\/11\/rentier.pdf\" target=\"_blank\" rel=\"noreferrer noopener nofollow\">Deine Malvorlage zum Download<\/a><\/td><\/tr><tr><td><a href=\"https:\/\/www.amazon.de\/dp\/B0CKNJ89MV?psc=1&amp;smid=A3JWKAKR8XB7XF&amp;ref_=chk_typ_imgToDp\" target=\"_blank\" rel=\"noreferrer noopener nofollow\">Zum Buch<\/a><\/td><td><a href=\"https:\/\/www.amazon.de\/dp\/B0CNGCNND6\/ref=sr_1_1?__mk_de_DE=%C3%85M%C3%85%C5%BD%C3%95%C3%91&amp;crid=19Y076VHEVJWA&amp;qid=1700231654&amp;sprefix=eva+ruth+weihnachten+malbuch%2Caps%2C134&amp;sr=8-1\" target=\"_blank\" rel=\"noreferrer noopener nofollow\">Zum Buch<\/a> <\/td><\/tr><\/tbody><\/table><\/figure>\n","protected":false},"excerpt":{"rendered":"<p>Hol dir regelm\u00e4\u00dfig Malvorlagen und Informationen \u00fcber Neuigkeiten bei eva-ruth.at. Du erh\u00e4ltst etwa einmal im Monat eine Benachrichtigung mit deinem Link zur neuen Malvorlage. Diese Nachrichten kannst du jederzeit abbestellen. Deine aktuellen Malvorlagen zum Herunterladen! Aktuelle Vorlage Letzte Vorlage (noch schnell downloaden \ud83d\ude09 ) Deine MalvorlageZum Download Deine Malvorlage zum Download Zum Buch Zum Buch<\/p>\n","protected":false},"author":1,"featured_media":0,"parent":0,"menu_order":0,"comment_status":"closed","ping_status":"closed","template":"","meta":{"footnotes":""},"class_list":["post-632","page","type-page","status-publish","hentry"],"_links":{"self":[{"href":"https:\/\/eva-ruth.at\/textdesign\/wp-json\/wp\/v2\/pages\/632","targetHints":{"allow":["GET"]}}],"collection":[{"href":"https:\/\/eva-ruth.at\/textdesign\/wp-json\/wp\/v2\/pages"}],"about":[{"href":"https:\/\/eva-ruth.at\/textdesign\/wp-json\/wp\/v2\/types\/page"}],"author":[{"embeddable":true,"href":"https:\/\/eva-ruth.at\/textdesign\/wp-json\/wp\/v2\/users\/1"}],"replies":[{"embeddable":true,"href":"https:\/\/eva-ruth.at\/textdesign\/wp-json\/wp\/v2\/comments?post=632"}],"version-history":[{"count":8,"href":"https:\/\/eva-ruth.at\/textdesign\/wp-json\/wp\/v2\/pages\/632\/revisions"}],"predecessor-version":[{"id":1216,"href":"https:\/\/eva-ruth.at\/textdesign\/wp-json\/wp\/v2\/pages\/632\/revisions\/1216"}],"wp:attachment":[{"href":"https:\/\/eva-ruth.at\/textdesign\/wp-json\/wp\/v2\/media?parent=632"}],"curies":[{"name":"wp","href":"https:\/\/api.w.org\/{rel}","templated":true}]}}